{"id":5291,"date":"2021-11-17T13:13:38","date_gmt":"2021-11-17T12:13:38","guid":{"rendered":"https:\/\/2021.boneperformance.com\/programm\/"},"modified":"2023-11-14T11:40:27","modified_gmt":"2023-11-14T10:40:27","slug":"programme","status":"publish","type":"page","link":"https:\/\/2023.boneperformance.com\/en\/programme\/","title":{"rendered":"Programme"},"content":{"rendered":"\t\t<div data-elementor-type=\"wp-page\" data-elementor-id=\"5291\" class=\"elementor elementor-5291 elementor-2228\">\n\t\t\t\t\t\t\t\t\t<section class=\"elementor-section elementor-top-section elementor-element elementor-element-45c4522a elementor-section-boxed elementor-section-height-default elementor-section-height-default\" data-id=\"45c4522a\" data-element_type=\"section\">\n\t\t\t\t\t\t<div class=\"elementor-container elementor-column-gap-no\">\n\t\t\t\t\t<div class=\"elementor-column elementor-col-100 elementor-top-column elementor-element elementor-element-539f476e\" data-id=\"539f476e\" data-element_type=\"column\">\n\t\t\t<div class=\"elementor-widget-wrap elementor-element-populated\">\n\t\t\t\t\t\t\t\t<div class=\"elementor-element elementor-element-0821d35 h2_programme elementor-widget elementor-widget-heading\" data-id=\"0821d35\" data-element_type=\"widget\" data-widget_type=\"heading.default\">\n\t\t\t\t<div class=\"elementor-widget-container\">\n\t\t\t<h2 class=\"elementor-heading-title elementor-size-default\">Sa 25.11<\/h2>\t\t<\/div>\n\t\t\t\t<\/div>\n\t\t\t\t<div class=\"elementor-element elementor-element-954f8ee p_programme elementor-widget elementor-widget-text-editor\" data-id=\"954f8ee\" data-element_type=\"widget\" data-widget_type=\"text-editor.default\">\n\t\t\t\t<div class=\"elementor-widget-container\">\n\t\t\t\t\t\t\t<p>13\u201315<br \/><a href=\"https:\/\/2023.boneperformance.com\/en\/programme\/workshop-with-meret-landolt\/\">Workshop with Meret Landolt:<br \/>Words-Booklet Making<\/a><\/p>\t\t\t\t\t\t<\/div>\n\t\t\t\t<\/div>\n\t\t\t\t<div class=\"elementor-element elementor-element-e0d9129 divider_programme elementor-widget-divider--view-line elementor-widget elementor-widget-divider\" data-id=\"e0d9129\" data-element_type=\"widget\" data-widget_type=\"divider.default\">\n\t\t\t\t<div class=\"elementor-widget-container\">\n\t\t\t\t\t<div class=\"elementor-divider\">\n\t\t\t<span class=\"elementor-divider-separator\">\n\t\t\t\t\t\t<\/span>\n\t\t<\/div>\n\t\t\t\t<\/div>\n\t\t\t\t<\/div>\n\t\t\t\t<div class=\"elementor-element elementor-element-e39d4af p_programme elementor-widget elementor-widget-text-editor\" data-id=\"e39d4af\" data-element_type=\"widget\" data-widget_type=\"text-editor.default\">\n\t\t\t\t<div class=\"elementor-widget-container\">\n\t\t\t\t\t\t\t<p>15:00<br \/><a href=\"https:\/\/2023.boneperformance.com\/en\/programme\/marina-skalova\/\">Marina Skalova<\/a><\/p>\t\t\t\t\t\t<\/div>\n\t\t\t\t<\/div>\n\t\t\t\t<div class=\"elementor-element elementor-element-ebdd114 divider_programme elementor-widget-divider--view-line elementor-widget elementor-widget-divider\" data-id=\"ebdd114\" data-element_type=\"widget\" data-widget_type=\"divider.default\">\n\t\t\t\t<div class=\"elementor-widget-container\">\n\t\t\t\t\t<div class=\"elementor-divider\">\n\t\t\t<span class=\"elementor-divider-separator\">\n\t\t\t\t\t\t<\/span>\n\t\t<\/div>\n\t\t\t\t<\/div>\n\t\t\t\t<\/div>\n\t\t\t\t<div class=\"elementor-element elementor-element-ad0c6fd p_programme elementor-widget elementor-widget-text-editor\" data-id=\"ad0c6fd\" data-element_type=\"widget\" data-widget_type=\"text-editor.default\">\n\t\t\t\t<div class=\"elementor-widget-container\">\n\t\t\t\t\t\t\t<p>16:00<br \/><a href=\"https:\/\/2023.boneperformance.com\/en\/programme\/david-spittle\/\">David Spittle<\/a><\/p>\t\t\t\t\t\t<\/div>\n\t\t\t\t<\/div>\n\t\t\t\t<div class=\"elementor-element elementor-element-c1dc177 divider_programme elementor-widget-divider--view-line elementor-widget elementor-widget-divider\" data-id=\"c1dc177\" data-element_type=\"widget\" data-widget_type=\"divider.default\">\n\t\t\t\t<div class=\"elementor-widget-container\">\n\t\t\t\t\t<div class=\"elementor-divider\">\n\t\t\t<span class=\"elementor-divider-separator\">\n\t\t\t\t\t\t<\/span>\n\t\t<\/div>\n\t\t\t\t<\/div>\n\t\t\t\t<\/div>\n\t\t\t\t<div class=\"elementor-element elementor-element-385ae08 p_programme elementor-widget elementor-widget-text-editor\" data-id=\"385ae08\" data-element_type=\"widget\" data-widget_type=\"text-editor.default\">\n\t\t\t\t<div class=\"elementor-widget-container\">\n\t\t\t\t\t\t\t<p>17:00<br \/><a href=\"https:\/\/2023.boneperformance.com\/en\/programme\/rhoda-davids-abel\/\">Rhoda Davids Abel<\/a><\/p>\t\t\t\t\t\t<\/div>\n\t\t\t\t<\/div>\n\t\t\t\t<div class=\"elementor-element elementor-element-cd049b1 divider_programme elementor-widget-divider--view-line elementor-widget elementor-widget-divider\" data-id=\"cd049b1\" data-element_type=\"widget\" data-widget_type=\"divider.default\">\n\t\t\t\t<div class=\"elementor-widget-container\">\n\t\t\t\t\t<div class=\"elementor-divider\">\n\t\t\t<span class=\"elementor-divider-separator\">\n\t\t\t\t\t\t<\/span>\n\t\t<\/div>\n\t\t\t\t<\/div>\n\t\t\t\t<\/div>\n\t\t\t\t<div class=\"elementor-element elementor-element-5a9ccd4 p_programme elementor-widget elementor-widget-text-editor\" data-id=\"5a9ccd4\" data-element_type=\"widget\" data-widget_type=\"text-editor.default\">\n\t\t\t\t<div class=\"elementor-widget-container\">\n\t\t\t\t\t\t\t<p>18:00<br \/>Dinner with the <a href=\"https:\/\/2023.boneperformance.com\/en\/programme\/collectif-aleax\/\">Collectif Al\u00e9ax<\/a><\/p>\t\t\t\t\t\t<\/div>\n\t\t\t\t<\/div>\n\t\t\t\t<div class=\"elementor-element elementor-element-9600f37 divider_programme elementor-widget-divider--view-line elementor-widget elementor-widget-divider\" data-id=\"9600f37\" data-element_type=\"widget\" data-widget_type=\"divider.default\">\n\t\t\t\t<div class=\"elementor-widget-container\">\n\t\t\t\t\t<div class=\"elementor-divider\">\n\t\t\t<span class=\"elementor-divider-separator\">\n\t\t\t\t\t\t<\/span>\n\t\t<\/div>\n\t\t\t\t<\/div>\n\t\t\t\t<\/div>\n\t\t\t\t<div class=\"elementor-element elementor-element-9a734eb p_programme elementor-widget elementor-widget-text-editor\" data-id=\"9a734eb\" data-element_type=\"widget\" data-widget_type=\"text-editor.default\">\n\t\t\t\t<div class=\"elementor-widget-container\">\n\t\t\t\t\t\t\t<p>19:30<br \/><a href=\"https:\/\/2023.boneperformance.com\/en\/programme\/mischa-und-ra\/\">Mischa und Ra<\/a><\/p>\t\t\t\t\t\t<\/div>\n\t\t\t\t<\/div>\n\t\t\t\t<div class=\"elementor-element elementor-element-a50e3d7 divider_programme elementor-widget-divider--view-line elementor-widget elementor-widget-divider\" data-id=\"a50e3d7\" data-element_type=\"widget\" data-widget_type=\"divider.default\">\n\t\t\t\t<div class=\"elementor-widget-container\">\n\t\t\t\t\t<div class=\"elementor-divider\">\n\t\t\t<span class=\"elementor-divider-separator\">\n\t\t\t\t\t\t<\/span>\n\t\t<\/div>\n\t\t\t\t<\/div>\n\t\t\t\t<\/div>\n\t\t\t\t<div class=\"elementor-element elementor-element-77ad107 p_programme elementor-widget elementor-widget-text-editor\" data-id=\"77ad107\" data-element_type=\"widget\" data-widget_type=\"text-editor.default\">\n\t\t\t\t<div class=\"elementor-widget-container\">\n\t\t\t\t\t\t\t<p>20:30<br \/><a href=\"https:\/\/2023.boneperformance.com\/en\/programme\/sj-fowler\/\">SJ Fowler<\/a><\/p>\t\t\t\t\t\t<\/div>\n\t\t\t\t<\/div>\n\t\t\t\t<div class=\"elementor-element elementor-element-64e6f17 divider_programme elementor-widget-divider--view-line elementor-widget elementor-widget-divider\" data-id=\"64e6f17\" data-element_type=\"widget\" data-widget_type=\"divider.default\">\n\t\t\t\t<div class=\"elementor-widget-container\">\n\t\t\t\t\t<div class=\"elementor-divider\">\n\t\t\t<span class=\"elementor-divider-separator\">\n\t\t\t\t\t\t<\/span>\n\t\t<\/div>\n\t\t\t\t<\/div>\n\t\t\t\t<\/div>\n\t\t\t\t<div class=\"elementor-element elementor-element-4424bde p_programme elementor-widget elementor-widget-text-editor\" data-id=\"4424bde\" data-element_type=\"widget\" data-widget_type=\"text-editor.default\">\n\t\t\t\t<div class=\"elementor-widget-container\">\n\t\t\t\t\t\t\t<p>21:30<br \/><a href=\"https:\/\/2023.boneperformance.com\/en\/programme\/x-schneeberger-aka-x-noeme-steela-diamond\/\">X Schneeberger<\/a> aka X No\u00ebme &amp; Steela Diamond<\/p>\t\t\t\t\t\t<\/div>\n\t\t\t\t<\/div>\n\t\t\t\t<div class=\"elementor-element elementor-element-b160111 divider_programme elementor-widget-divider--view-line elementor-widget elementor-widget-divider\" data-id=\"b160111\" data-element_type=\"widget\" data-widget_type=\"divider.default\">\n\t\t\t\t<div class=\"elementor-widget-container\">\n\t\t\t\t\t<div class=\"elementor-divider\">\n\t\t\t<span class=\"elementor-divider-separator\">\n\t\t\t\t\t\t<\/span>\n\t\t<\/div>\n\t\t\t\t<\/div>\n\t\t\t\t<\/div>\n\t\t\t\t<div class=\"elementor-element elementor-element-00dfa27 p_programme elementor-widget elementor-widget-text-editor\" data-id=\"00dfa27\" data-element_type=\"widget\" data-widget_type=\"text-editor.default\">\n\t\t\t\t<div class=\"elementor-widget-container\">\n\t\t\t\t\t\t\t<p>22:30<br><a href=\"https:\/\/2023.boneperformance.com\/en\/programme\/ausklangklang\/\">Ausklangklang<\/a><\/p>\t\t\t\t\t\t<\/div>\n\t\t\t\t<\/div>\n\t\t\t\t<div class=\"elementor-element elementor-element-293ab26 h2_programme elementor-widget elementor-widget-heading\" data-id=\"293ab26\" data-element_type=\"widget\" data-widget_type=\"heading.default\">\n\t\t\t\t<div class=\"elementor-widget-container\">\n\t\t\t<h2 class=\"elementor-heading-title elementor-size-default\">Su 26.11<\/h2>\t\t<\/div>\n\t\t\t\t<\/div>\n\t\t\t\t<div class=\"elementor-element elementor-element-b25bdc7 p_programme elementor-widget elementor-widget-text-editor\" data-id=\"b25bdc7\" data-element_type=\"widget\" data-widget_type=\"text-editor.default\">\n\t\t\t\t<div class=\"elementor-widget-container\">\n\t\t\t\t\t\t\t<p>12:00<br \/>Lunch with the <a href=\"https:\/\/2023.boneperformance.com\/en\/programme\/collectif-aleax\/\">Collectif Al\u00e9ax<\/a><\/p>\t\t\t\t\t\t<\/div>\n\t\t\t\t<\/div>\n\t\t\t\t<div class=\"elementor-element elementor-element-a253c30 divider_programme elementor-widget-divider--view-line elementor-widget elementor-widget-divider\" data-id=\"a253c30\" data-element_type=\"widget\" data-widget_type=\"divider.default\">\n\t\t\t\t<div class=\"elementor-widget-container\">\n\t\t\t\t\t<div class=\"elementor-divider\">\n\t\t\t<span class=\"elementor-divider-separator\">\n\t\t\t\t\t\t<\/span>\n\t\t<\/div>\n\t\t\t\t<\/div>\n\t\t\t\t<\/div>\n\t\t\t\t<div class=\"elementor-element elementor-element-c431eb5 p_programme elementor-widget elementor-widget-text-editor\" data-id=\"c431eb5\" data-element_type=\"widget\" data-widget_type=\"text-editor.default\">\n\t\t\t\t<div class=\"elementor-widget-container\">\n\t\t\t\t\t\t\t<p>13:30<br \/><a href=\"https:\/\/2023.boneperformance.com\/en\/programme\/olga-lakritz-und-julia-toggenburger\/\">Olga Lakritz and Julia Toggenburger<\/a><\/p>\t\t\t\t\t\t<\/div>\n\t\t\t\t<\/div>\n\t\t\t\t<div class=\"elementor-element elementor-element-90619cf divider_programme elementor-widget-divider--view-line elementor-widget elementor-widget-divider\" data-id=\"90619cf\" data-element_type=\"widget\" data-widget_type=\"divider.default\">\n\t\t\t\t<div class=\"elementor-widget-container\">\n\t\t\t\t\t<div class=\"elementor-divider\">\n\t\t\t<span class=\"elementor-divider-separator\">\n\t\t\t\t\t\t<\/span>\n\t\t<\/div>\n\t\t\t\t<\/div>\n\t\t\t\t<\/div>\n\t\t\t\t<div class=\"elementor-element elementor-element-2c74dd0 p_programme elementor-widget elementor-widget-text-editor\" data-id=\"2c74dd0\" data-element_type=\"widget\" data-widget_type=\"text-editor.default\">\n\t\t\t\t<div class=\"elementor-widget-container\">\n\t\t\t\t\t\t\t<p>14\u201316<br><a href=\"https:\/\/2023.boneperformance.com\/en\/programme\/workshop-mit-stefanie-hoefler\/\">Workshop with Stefanie H\u00f6fler:<br>\nLanguage games &amp; vocabularies<\/a><\/p>\t\t\t\t\t\t<\/div>\n\t\t\t\t<\/div>\n\t\t\t\t<div class=\"elementor-element elementor-element-031d68f divider_programme elementor-widget-divider--view-line elementor-widget elementor-widget-divider\" data-id=\"031d68f\" data-element_type=\"widget\" data-widget_type=\"divider.default\">\n\t\t\t\t<div class=\"elementor-widget-container\">\n\t\t\t\t\t<div class=\"elementor-divider\">\n\t\t\t<span class=\"elementor-divider-separator\">\n\t\t\t\t\t\t<\/span>\n\t\t<\/div>\n\t\t\t\t<\/div>\n\t\t\t\t<\/div>\n\t\t\t\t<div class=\"elementor-element elementor-element-af77860 p_programme elementor-widget elementor-widget-text-editor\" data-id=\"af77860\" data-element_type=\"widget\" data-widget_type=\"text-editor.default\">\n\t\t\t\t<div class=\"elementor-widget-container\">\n\t\t\t\t\t\t\t<p>14:30<br \/><a href=\"https:\/\/2023.boneperformance.com\/en\/programme\/fork-burke-mit-max-usata\/\">Fork Burke with Max Usata<\/a><\/p>\t\t\t\t\t\t<\/div>\n\t\t\t\t<\/div>\n\t\t\t\t<div class=\"elementor-element elementor-element-253d4b7 divider_programme elementor-widget-divider--view-line elementor-widget elementor-widget-divider\" data-id=\"253d4b7\" data-element_type=\"widget\" data-widget_type=\"divider.default\">\n\t\t\t\t<div class=\"elementor-widget-container\">\n\t\t\t\t\t<div class=\"elementor-divider\">\n\t\t\t<span class=\"elementor-divider-separator\">\n\t\t\t\t\t\t<\/span>\n\t\t<\/div>\n\t\t\t\t<\/div>\n\t\t\t\t<\/div>\n\t\t\t\t<div class=\"elementor-element elementor-element-59a4264 p_programme elementor-widget elementor-widget-text-editor\" data-id=\"59a4264\" data-element_type=\"widget\" data-widget_type=\"text-editor.default\">\n\t\t\t\t<div class=\"elementor-widget-container\">\n\t\t\t\t\t\t\t<p>15:30<br \/><a href=\"https:\/\/2023.boneperformance.com\/en\/programme\/alexey-voinov-mit-christian-mueller\/\">Alexey Vo\u00efnov with Christian M\u00fcller<\/a><\/p>\t\t\t\t\t\t<\/div>\n\t\t\t\t<\/div>\n\t\t\t\t<div class=\"elementor-element elementor-element-5200d34 divider_programme elementor-widget-divider--view-line elementor-widget elementor-widget-divider\" data-id=\"5200d34\" data-element_type=\"widget\" data-widget_type=\"divider.default\">\n\t\t\t\t<div class=\"elementor-widget-container\">\n\t\t\t\t\t<div class=\"elementor-divider\">\n\t\t\t<span class=\"elementor-divider-separator\">\n\t\t\t\t\t\t<\/span>\n\t\t<\/div>\n\t\t\t\t<\/div>\n\t\t\t\t<\/div>\n\t\t\t\t<div class=\"elementor-element elementor-element-1493c5c p_programme elementor-widget elementor-widget-text-editor\" data-id=\"1493c5c\" data-element_type=\"widget\" data-widget_type=\"text-editor.default\">\n\t\t\t\t<div class=\"elementor-widget-container\">\n\t\t\t\t\t\t\t<p>16:30<br \/><a href=\"https:\/\/2023.boneperformance.com\/en\/programme\/latefa-wiersch\/\">Latefa Wiersch<\/a> with Eman Hussein,<br \/>Shebly Al-Baw and Anna Jazewitsch<\/p>\t\t\t\t\t\t<\/div>\n\t\t\t\t<\/div>\n\t\t\t\t<div class=\"elementor-element elementor-element-34dbdb7 h2_programme elementor-widget elementor-widget-heading\" data-id=\"34dbdb7\" data-element_type=\"widget\" data-widget_type=\"heading.default\">\n\t\t\t\t<div class=\"elementor-widget-container\">\n\t\t\t<h2 class=\"elementor-heading-title elementor-size-default\">Saturday &amp; Sunday<\/h2>\t\t<\/div>\n\t\t\t\t<\/div>\n\t\t\t\t<div class=\"elementor-element elementor-element-652d2fd p_programme elementor-widget elementor-widget-text-editor\" data-id=\"652d2fd\" data-element_type=\"widget\" data-widget_type=\"text-editor.default\">\n\t\t\t\t<div class=\"elementor-widget-container\">\n\t\t\t\t\t\t\t<p>Video installation by <a href=\"https:\/\/2023.boneperformance.com\/en\/programme\/annette-schmucki\/\">Annette Schmucki<\/a><\/p>\t\t\t\t\t\t<\/div>\n\t\t\t\t<\/div>\n\t\t\t\t<div class=\"elementor-element elementor-element-c959aa2 divider_programme elementor-widget-divider--view-line elementor-widget elementor-widget-divider\" data-id=\"c959aa2\" data-element_type=\"widget\" data-widget_type=\"divider.default\">\n\t\t\t\t<div class=\"elementor-widget-container\">\n\t\t\t\t\t<div class=\"elementor-divider\">\n\t\t\t<span class=\"elementor-divider-separator\">\n\t\t\t\t\t\t<\/span>\n\t\t<\/div>\n\t\t\t\t<\/div>\n\t\t\t\t<\/div>\n\t\t\t\t<div class=\"elementor-element elementor-element-f560357 p_programme elementor-widget elementor-widget-text-editor\" data-id=\"f560357\" data-element_type=\"widget\" data-widget_type=\"text-editor.default\">\n\t\t\t\t<div class=\"elementor-widget-container\">\n\t\t\t\t\t\t\t<p>Editorial office<br><a href=\"https:\/\/2023.boneperformance.com\/en\/programme\/bone_buch\/\">BONE_BOOK<\/a><\/p>\t\t\t\t\t\t<\/div>\n\t\t\t\t<\/div>\n\t\t\t\t\t<\/div>\n\t\t<\/div>\n\t\t\t\t\t\t\t<\/div>\n\t\t<\/section>\n\t\t\t\t\t\t\t<\/div>\n\t\t","protected":false},"excerpt":{"rendered":"<p>Sa 25.11 13\u201315Workshop with Meret Landolt:Words-Booklet Making 15:00Marina Skalova 16:00David Spittle 17:00Rhoda Davids Abel 18:00Dinner with the Collectif Al\u00e9ax 19:30Mischa und Ra 20:30SJ Fowler 21:30X Schneeberger aka X No\u00ebme &amp; Steela Diamond 22:30Ausklangklang Su 26.11 12:00Lunch with the Collectif Al\u00e9ax 13:30Olga Lakritz and Julia Toggenburger 14\u201316Workshop with Stefanie H\u00f6fler: Language games &amp; vocabularies 14:30Fork Burke <a href=\"https:\/\/2023.boneperformance.com\/en\/programme\/\" class=\"more-link\">&#8230;<\/a><\/p>\n","protected":false},"author":7,"featured_media":0,"parent":0,"menu_order":0,"comment_status":"closed","ping_status":"closed","template":"elementor_header_footer","meta":{"footnotes":""},"yoast_head":"<!-- This site is optimized with the Yoast SEO plugin v21.4 - https:\/\/yoast.com\/wordpress\/plugins\/seo\/ -->\n<title>Programme | BONE 2023 | Performance Literatur Festival<\/title>\n<meta name=\"robots\" content=\"index, follow, max-snippet:-1, max-image-preview:large, max-video-preview:-1\" \/>\n<link rel=\"canonical\" href=\"https:\/\/2023.boneperformance.com\/en\/programme\/\" \/>\n<meta property=\"og:locale\" content=\"en_US\" \/>\n<meta property=\"og:type\" content=\"article\" \/>\n<meta property=\"og:title\" content=\"Programme | BONE 2023 | Performance Literatur Festival\" \/>\n<meta property=\"og:description\" content=\"Sa 25.11 13\u201315Workshop with Meret Landolt:Words-Booklet Making 15:00Marina Skalova 16:00David Spittle 17:00Rhoda Davids Abel 18:00Dinner with the Collectif Al\u00e9ax 19:30Mischa und Ra 20:30SJ Fowler 21:30X Schneeberger aka X No\u00ebme &amp; Steela Diamond 22:30Ausklangklang Su 26.11 12:00Lunch with the Collectif Al\u00e9ax 13:30Olga Lakritz and Julia Toggenburger 14\u201316Workshop with Stefanie H\u00f6fler: Language games &amp; vocabularies 14:30Fork Burke ...\" \/>\n<meta property=\"og:url\" content=\"https:\/\/2023.boneperformance.com\/en\/programme\/\" \/>\n<meta property=\"og:site_name\" content=\"BONE 2023 | Performance Literatur Festival\" \/>\n<meta property=\"article:publisher\" content=\"https:\/\/www.facebook.com\/boneperformance\" \/>\n<meta property=\"article:modified_time\" content=\"2023-11-14T10:40:27+00:00\" \/>\n<meta property=\"og:image\" content=\"https:\/\/2023.boneperformance.com\/wp-content\/uploads\/2021\/11\/BONE-2021_facebook_share.jpg\" \/>\n\t<meta property=\"og:image:width\" content=\"1200\" \/>\n\t<meta property=\"og:image:height\" content=\"630\" \/>\n\t<meta property=\"og:image:type\" content=\"image\/jpeg\" \/>\n<meta name=\"twitter:card\" content=\"summary_large_image\" \/>\n<meta name=\"twitter:label1\" content=\"Est. reading time\" \/>\n\t<meta name=\"twitter:data1\" content=\"2 minutes\" \/>\n<script type=\"application\/ld+json\" class=\"yoast-schema-graph\">{\"@context\":\"https:\/\/schema.org\",\"@graph\":[{\"@type\":\"WebPage\",\"@id\":\"https:\/\/2023.boneperformance.com\/en\/programme\/\",\"url\":\"https:\/\/2023.boneperformance.com\/en\/programme\/\",\"name\":\"Programme | BONE 2023 | Performance Literatur Festival\",\"isPartOf\":{\"@id\":\"https:\/\/2023.boneperformance.com\/#website\"},\"datePublished\":\"2021-11-17T12:13:38+00:00\",\"dateModified\":\"2023-11-14T10:40:27+00:00\",\"breadcrumb\":{\"@id\":\"https:\/\/2023.boneperformance.com\/en\/programme\/#breadcrumb\"},\"inLanguage\":\"en-US\",\"potentialAction\":[{\"@type\":\"ReadAction\",\"target\":[\"https:\/\/2023.boneperformance.com\/en\/programme\/\"]}]},{\"@type\":\"BreadcrumbList\",\"@id\":\"https:\/\/2023.boneperformance.com\/en\/programme\/#breadcrumb\",\"itemListElement\":[{\"@type\":\"ListItem\",\"position\":1,\"name\":\"Home\",\"item\":\"https:\/\/2023.boneperformance.com\/\"},{\"@type\":\"ListItem\",\"position\":2,\"name\":\"Programme\"}]},{\"@type\":\"WebSite\",\"@id\":\"https:\/\/2023.boneperformance.com\/#website\",\"url\":\"https:\/\/2023.boneperformance.com\/\",\"name\":\"BONE 2023 | Performance Literatur Festival\",\"description\":\"\",\"publisher\":{\"@id\":\"https:\/\/2023.boneperformance.com\/#organization\"},\"potentialAction\":[{\"@type\":\"SearchAction\",\"target\":{\"@type\":\"EntryPoint\",\"urlTemplate\":\"https:\/\/2023.boneperformance.com\/?s={search_term_string}\"},\"query-input\":\"required name=search_term_string\"}],\"inLanguage\":\"en-US\"},{\"@type\":\"Organization\",\"@id\":\"https:\/\/2023.boneperformance.com\/#organization\",\"name\":\"Bone Performance Art Festival Bern\",\"url\":\"https:\/\/2023.boneperformance.com\/\",\"logo\":{\"@type\":\"ImageObject\",\"inLanguage\":\"en-US\",\"@id\":\"https:\/\/2023.boneperformance.com\/#\/schema\/logo\/image\/\",\"url\":\"https:\/\/2023.boneperformance.com\/wp-content\/uploads\/2020\/11\/LOGO_2020_positiv.jpg\",\"contentUrl\":\"https:\/\/2023.boneperformance.com\/wp-content\/uploads\/2020\/11\/LOGO_2020_positiv.jpg\",\"width\":800,\"height\":218,\"caption\":\"Bone Performance Art Festival Bern\"},\"image\":{\"@id\":\"https:\/\/2023.boneperformance.com\/#\/schema\/logo\/image\/\"},\"sameAs\":[\"https:\/\/www.facebook.com\/boneperformance\",\"https:\/\/www.instagram.com\/p\/CSbgOTqIVVP\/\"]}]}<\/script>\n<!-- \/ Yoast SEO plugin. -->","yoast_head_json":{"title":"Programme | BONE 2023 | Performance Literatur Festival","robots":{"index":"index","follow":"follow","max-snippet":"max-snippet:-1","max-image-preview":"max-image-preview:large","max-video-preview":"max-video-preview:-1"},"canonical":"https:\/\/2023.boneperformance.com\/en\/programme\/","og_locale":"en_US","og_type":"article","og_title":"Programme | BONE 2023 | Performance Literatur Festival","og_description":"Sa 25.11 13\u201315Workshop with Meret Landolt:Words-Booklet Making 15:00Marina Skalova 16:00David Spittle 17:00Rhoda Davids Abel 18:00Dinner with the Collectif Al\u00e9ax 19:30Mischa und Ra 20:30SJ Fowler 21:30X Schneeberger aka X No\u00ebme &amp; Steela Diamond 22:30Ausklangklang Su 26.11 12:00Lunch with the Collectif Al\u00e9ax 13:30Olga Lakritz and Julia Toggenburger 14\u201316Workshop with Stefanie H\u00f6fler: Language games &amp; vocabularies 14:30Fork Burke ...","og_url":"https:\/\/2023.boneperformance.com\/en\/programme\/","og_site_name":"BONE 2023 | Performance Literatur Festival","article_publisher":"https:\/\/www.facebook.com\/boneperformance","article_modified_time":"2023-11-14T10:40:27+00:00","og_image":[{"width":1200,"height":630,"url":"https:\/\/2023.boneperformance.com\/wp-content\/uploads\/2021\/11\/BONE-2021_facebook_share.jpg","type":"image\/jpeg"}],"twitter_card":"summary_large_image","twitter_misc":{"Est. reading time":"2 minutes"},"schema":{"@context":"https:\/\/schema.org","@graph":[{"@type":"WebPage","@id":"https:\/\/2023.boneperformance.com\/en\/programme\/","url":"https:\/\/2023.boneperformance.com\/en\/programme\/","name":"Programme | BONE 2023 | Performance Literatur Festival","isPartOf":{"@id":"https:\/\/2023.boneperformance.com\/#website"},"datePublished":"2021-11-17T12:13:38+00:00","dateModified":"2023-11-14T10:40:27+00:00","breadcrumb":{"@id":"https:\/\/2023.boneperformance.com\/en\/programme\/#breadcrumb"},"inLanguage":"en-US","potentialAction":[{"@type":"ReadAction","target":["https:\/\/2023.boneperformance.com\/en\/programme\/"]}]},{"@type":"BreadcrumbList","@id":"https:\/\/2023.boneperformance.com\/en\/programme\/#breadcrumb","itemListElement":[{"@type":"ListItem","position":1,"name":"Home","item":"https:\/\/2023.boneperformance.com\/"},{"@type":"ListItem","position":2,"name":"Programme"}]},{"@type":"WebSite","@id":"https:\/\/2023.boneperformance.com\/#website","url":"https:\/\/2023.boneperformance.com\/","name":"BONE 2023 | Performance Literatur Festival","description":"","publisher":{"@id":"https:\/\/2023.boneperformance.com\/#organization"},"potentialAction":[{"@type":"SearchAction","target":{"@type":"EntryPoint","urlTemplate":"https:\/\/2023.boneperformance.com\/?s={search_term_string}"},"query-input":"required name=search_term_string"}],"inLanguage":"en-US"},{"@type":"Organization","@id":"https:\/\/2023.boneperformance.com\/#organization","name":"Bone Performance Art Festival Bern","url":"https:\/\/2023.boneperformance.com\/","logo":{"@type":"ImageObject","inLanguage":"en-US","@id":"https:\/\/2023.boneperformance.com\/#\/schema\/logo\/image\/","url":"https:\/\/2023.boneperformance.com\/wp-content\/uploads\/2020\/11\/LOGO_2020_positiv.jpg","contentUrl":"https:\/\/2023.boneperformance.com\/wp-content\/uploads\/2020\/11\/LOGO_2020_positiv.jpg","width":800,"height":218,"caption":"Bone Performance Art Festival Bern"},"image":{"@id":"https:\/\/2023.boneperformance.com\/#\/schema\/logo\/image\/"},"sameAs":["https:\/\/www.facebook.com\/boneperformance","https:\/\/www.instagram.com\/p\/CSbgOTqIVVP\/"]}]}},"_links":{"self":[{"href":"https:\/\/2023.boneperformance.com\/en\/wp-json\/wp\/v2\/pages\/5291"}],"collection":[{"href":"https:\/\/2023.boneperformance.com\/en\/wp-json\/wp\/v2\/pages"}],"about":[{"href":"https:\/\/2023.boneperformance.com\/en\/wp-json\/wp\/v2\/types\/page"}],"author":[{"embeddable":true,"href":"https:\/\/2023.boneperformance.com\/en\/wp-json\/wp\/v2\/users\/7"}],"replies":[{"embeddable":true,"href":"https:\/\/2023.boneperformance.com\/en\/wp-json\/wp\/v2\/comments?post=5291"}],"version-history":[{"count":9,"href":"https:\/\/2023.boneperformance.com\/en\/wp-json\/wp\/v2\/pages\/5291\/revisions"}],"predecessor-version":[{"id":8657,"href":"https:\/\/2023.boneperformance.com\/en\/wp-json\/wp\/v2\/pages\/5291\/revisions\/8657"}],"wp:attachment":[{"href":"https:\/\/2023.boneperformance.com\/en\/wp-json\/wp\/v2\/media?parent=5291"}],"curies":[{"name":"wp","href":"https:\/\/api.w.org\/{rel}","templated":true}]}}